{"id":110,"date":"2015-08-27T17:17:17","date_gmt":"2015-08-27T15:17:17","guid":{"rendered":"http:\/\/gantz.kooperationsdesign.de\/?page_id=110"},"modified":"2015-08-28T15:27:49","modified_gmt":"2015-08-28T13:27:49","slug":"kunden-erfolgsgeschichten","status":"publish","type":"page","link":"https:\/\/www.gantz.de\/magazin\/kunden-erfolgsgeschichten\/","title":{"rendered":"Kunden &#038; Erfolgsgeschichten"},"content":{"rendered":"<div  class=\"mp-row-fluid motopress-row\">\n<div class=\"mp-span12 motopress-clmn\">\n<div class=\"motopress-text-obj\">\n<p>Wir m\u00f6chten Ihnen einige Einblicke in unsere Arbeit geben. \u00dcberzeugen Sie sich von unserer Qualit\u00e4t und der Flexibilit\u00e4t unserer L\u00f6sungen. GANTZ baut Ihr M\u00f6belst\u00fcck nach Ma\u00df.<\/p>\n<\/div>\n<\/div>\n<\/div>\n<div  class=\"mp-row-fluid motopress-row\">\n<div class=\"mp-span12 motopress-clmn\">\n<div id=\"motopress_posts_grid_69ecdc68e30ad\" class=\"motopress-posts-grid-obj motopress-posts-grid-gap-30 motopress-posts-grid-basic\" data-shortcode-attrs=\"query_type=simple&category=k-kunden-erfolgsgeschichten&custom_tax_field=slug&posts_per_page=4&posts_order=DESC&custom_query=Y2F0ZWdvcnlfbmFtZT1rLWt1bmRlbi1lcmZvbGdzZ2VzY2hpY2h0ZW4mb3JkZXJieT10aXRsZQ%3D%3D&columns=2&template=plugins%2Fmotopress-content-editor%2Fincludes%2Fce%2Fshortcodes%2Fpost_grid%2Ftemplates%2Ftemplate2.php&posts_gap=30&show_featured_image=true&image_size=large&title_tag=h2&show_date_comments=false&show_content=hide&short_content_length=200&pagination=false&load_more_btn=false&load_more_text=Load+More&key=3529c164edb01cb351e2c16d0d148438\" data-post-id=\"110\"><div class=\"motopress-paged-content\" data-columns=\"2\"><div class=\"mp-row-fluid motopress-filter-row\"><div class=\"motopress-filter-col mp-span6\">\r\n<article class=\"post-141 post type-post status-publish format-standard has-post-thumbnail hentry category-k-kunden-erfolgsgeschichten tag-dachschraege\">\r\n\r\n<h2 class=\"motopress-posts-grid-title\"><a href=\"https:\/\/www.gantz.de\/magazin\/regal-fuer-dachschraege-in-dachgeschosswohnung\/\">Schrank-Regal unter Dachschr\u00e4ge in Loft<\/a><\/h2><a class=\"motopress-posts-grid-thumbnail\" href=\"https:\/\/www.gantz.de\/magazin\/regal-fuer-dachschraege-in-dachgeschosswohnung\/\"><img loading=\"lazy\" decoding=\"async\" width=\"768\" height=\"470\" src=\"https:\/\/www.gantz.de\/magazin\/wp-content\/uploads\/2015\/08\/gantz-schrank-regal-unter-dachschr\u00e4ge-eingerichtet-1024x627.jpg\" class=\"attachment-large size-large wp-post-image\" alt=\"Schrank-Regal unter Dachschr\u00e4ge von GANTZ\" srcset=\"https:\/\/www.gantz.de\/magazin\/wp-content\/uploads\/2015\/08\/gantz-schrank-regal-unter-dachschr\u00e4ge-eingerichtet-1024x627.jpg 1024w, https:\/\/www.gantz.de\/magazin\/wp-content\/uploads\/2015\/08\/gantz-schrank-regal-unter-dachschr\u00e4ge-eingerichtet-300x184.jpg 300w\" sizes=\"(max-width: 768px) 100vw, 768px\" \/><\/a>\r\n\r\n<\/article>\r\n<\/div><div class=\"motopress-filter-col mp-span6\">\r\n<article class=\"post-130 post type-post status-publish format-standard has-post-thumbnail hentry category-k-kunden-erfolgsgeschichten tag-buecherregal\">\r\n\r\n<h2 class=\"motopress-posts-grid-title\"><a href=\"https:\/\/www.gantz.de\/magazin\/bibliothek-fuer-38-laufmeter-buecher\/\">Bibliothek f\u00fcr 38 Laufmeter B\u00fccher<\/a><\/h2><a class=\"motopress-posts-grid-thumbnail\" href=\"https:\/\/www.gantz.de\/magazin\/bibliothek-fuer-38-laufmeter-buecher\/\"><img loading=\"lazy\" decoding=\"async\" width=\"768\" height=\"513\" src=\"https:\/\/www.gantz.de\/magazin\/wp-content\/uploads\/2015\/08\/gantz-b\u00fccherregal-mit-leiter-1024x684.jpg\" class=\"attachment-large size-large wp-post-image\" alt=\"GANTZ B\u00fccherregal 3 Meter mit Leiter\" srcset=\"https:\/\/www.gantz.de\/magazin\/wp-content\/uploads\/2015\/08\/gantz-b\u00fccherregal-mit-leiter-1024x684.jpg 1024w, https:\/\/www.gantz.de\/magazin\/wp-content\/uploads\/2015\/08\/gantz-b\u00fccherregal-mit-leiter-300x200.jpg 300w\" sizes=\"(max-width: 768px) 100vw, 768px\" \/><\/a>\r\n\r\n<\/article>\r\n<\/div><\/div><\/div><\/div>\n<\/div>\n<\/div>\n","protected":false},"excerpt":{"rendered":"","protected":false},"author":1,"featured_media":0,"parent":0,"menu_order":0,"comment_status":"closed","ping_status":"open","template":"","meta":{"footnotes":""},"_links":{"self":[{"href":"https:\/\/www.gantz.de\/magazin\/wp-json\/wp\/v2\/pages\/110"}],"collection":[{"href":"https:\/\/www.gantz.de\/magazin\/wp-json\/wp\/v2\/pages"}],"about":[{"href":"https:\/\/www.gantz.de\/magazin\/wp-json\/wp\/v2\/types\/page"}],"author":[{"embeddable":true,"href":"https:\/\/www.gantz.de\/magazin\/wp-json\/wp\/v2\/users\/1"}],"replies":[{"embeddable":true,"href":"https:\/\/www.gantz.de\/magazin\/wp-json\/wp\/v2\/comments?post=110"}],"version-history":[{"count":19,"href":"https:\/\/www.gantz.de\/magazin\/wp-json\/wp\/v2\/pages\/110\/revisions"}],"predecessor-version":[{"id":169,"href":"https:\/\/www.gantz.de\/magazin\/wp-json\/wp\/v2\/pages\/110\/revisions\/169"}],"wp:attachment":[{"href":"https:\/\/www.gantz.de\/magazin\/wp-json\/wp\/v2\/media?parent=110"}],"curies":[{"name":"wp","href":"https:\/\/api.w.org\/{rel}","templated":true}]}}