{"id":115,"date":"2015-08-27T17:21:02","date_gmt":"2015-08-27T15:21:02","guid":{"rendered":"http:\/\/gantz.kooperationsdesign.de\/?page_id=115"},"modified":"2015-08-31T11:37:22","modified_gmt":"2015-08-31T09:37:22","slug":"wohnkonzepte-inspirationen","status":"publish","type":"page","link":"https:\/\/www.gantz.de\/magazin\/wohnkonzepte-inspirationen\/","title":{"rendered":"Wohnkonzepte &#038; Inspiration"},"content":{"rendered":"<div  class=\"mp-row-fluid motopress-row\">\n<div class=\"mp-span12 motopress-clmn\">\n<div id=\"motopress_posts_grid_69ecdf0ebf862\" class=\"motopress-posts-grid-obj motopress-posts-grid-gap-30 motopress-posts-grid-basic\" data-shortcode-attrs=\"query_type=simple&category=k-wohnkonzepte-inspiration&custom_tax_field=slug&posts_per_page=2&posts_order=DESC&columns=2&posts_gap=30&show_featured_image=true&image_size=large&title_tag=h2&show_date_comments=false&show_content=short&short_content_length=200&read_more_text=Weiterlesen&pagination=false&load_more_btn=false&load_more_text=Load+More&key=69a147a8d2f5cbe7343558024f4d1d67\" data-post-id=\"115\"><div class=\"motopress-paged-content\" data-columns=\"2\"><div class=\"mp-row-fluid motopress-filter-row\"><div class=\"motopress-filter-col mp-span6\">\r\n<article class=\"post-198 post type-post status-publish format-standard has-post-thumbnail hentry category-k-wohnkonzepte-inspiration\">\r\n\r\n<a class=\"motopress-posts-grid-thumbnail\" href=\"https:\/\/www.gantz.de\/magazin\/360-modernes-design-im-lotsenturm-usedom\/\"><img loading=\"lazy\" decoding=\"async\" width=\"768\" height=\"512\" src=\"https:\/\/www.gantz.de\/magazin\/wp-content\/uploads\/2015\/08\/lotsenturm-usedom-schlafzimmer-treppenhaus-1024x683.jpg\" class=\"attachment-large size-large wp-post-image\" alt=\"Leuchtturm Usedom Schlafzimmer und Treppenhaus\" srcset=\"https:\/\/www.gantz.de\/magazin\/wp-content\/uploads\/2015\/08\/lotsenturm-usedom-schlafzimmer-treppenhaus-1024x683.jpg 1024w, https:\/\/www.gantz.de\/magazin\/wp-content\/uploads\/2015\/08\/lotsenturm-usedom-schlafzimmer-treppenhaus-300x200.jpg 300w\" sizes=\"(max-width: 768px) 100vw, 768px\" \/><\/a><h2 class=\"motopress-posts-grid-title\"><a href=\"https:\/\/www.gantz.de\/magazin\/360-modernes-design-im-lotsenturm-usedom\/\">360\u00b0 modernes Design im Lotsenturm Usedom<\/a><\/h2>\r\n<div class=\"motopress-posts-grid-content\">In unserer Reihe &#8218;Exklusive Wohnkonzepte&#8216; erm\u00f6glichen wir Ihnen den Blick hinter sonst verschlossene T\u00fcren, zeigen Ihnen au\u00dfergew\u00f6hnliche Wohnr\u00e4ume, deren Gestaltung nicht nur viel Know-ho...<\/div>\r\n<p class=\"motopress-posts-grid-more\"><a href=\"https:\/\/www.gantz.de\/magazin\/360-modernes-design-im-lotsenturm-usedom\/\">Weiterlesen<\/a><\/p><\/article>\r\n<\/div><div class=\"motopress-filter-col mp-span6\">\r\n<article class=\"post-180 post type-post status-publish format-standard has-post-thumbnail hentry category-k-wohnkonzepte-inspiration\">\r\n\r\n<a class=\"motopress-posts-grid-thumbnail\" href=\"https:\/\/www.gantz.de\/magazin\/tipps-zur-einrichtung-ihrer-bibliothek-buecherwand\/\"><img loading=\"lazy\" decoding=\"async\" width=\"768\" height=\"513\" src=\"https:\/\/www.gantz.de\/magazin\/wp-content\/uploads\/2015\/08\/gantz-b\u00fccherregal-mit-leiter-1024x684.jpg\" class=\"attachment-large size-large wp-post-image\" alt=\"GANTZ B\u00fccherregal 3 Meter mit Leiter\" srcset=\"https:\/\/www.gantz.de\/magazin\/wp-content\/uploads\/2015\/08\/gantz-b\u00fccherregal-mit-leiter-1024x684.jpg 1024w, https:\/\/www.gantz.de\/magazin\/wp-content\/uploads\/2015\/08\/gantz-b\u00fccherregal-mit-leiter-300x200.jpg 300w\" sizes=\"(max-width: 768px) 100vw, 768px\" \/><\/a><h2 class=\"motopress-posts-grid-title\"><a href=\"https:\/\/www.gantz.de\/magazin\/tipps-zur-einrichtung-ihrer-bibliothek-buecherwand\/\">Tipps zur Einrichtung Ihrer Bibliothek &#038; B\u00fccherwand<\/a><\/h2>\r\n<div class=\"motopress-posts-grid-content\">Noch im 19. Jahrhundert waren sie der Inbegriff von Wohlstand und Bildung, heute sind sie Ausdruck f\u00fcr eine Leidenschaft am geschriebenen Wort und gewiss auch eine Frage des Stils \u2013 Haus-Bibliotheken....<\/div>\r\n<p class=\"motopress-posts-grid-more\"><a href=\"https:\/\/www.gantz.de\/magazin\/tipps-zur-einrichtung-ihrer-bibliothek-buecherwand\/\">Weiterlesen<\/a><\/p><\/article>\r\n<\/div><\/div><\/div><\/div>\n<\/div>\n<\/div>\n","protected":false},"excerpt":{"rendered":"","protected":false},"author":1,"featured_media":0,"parent":0,"menu_order":0,"comment_status":"closed","ping_status":"open","template":"","meta":{"footnotes":""},"_links":{"self":[{"href":"https:\/\/www.gantz.de\/magazin\/wp-json\/wp\/v2\/pages\/115"}],"collection":[{"href":"https:\/\/www.gantz.de\/magazin\/wp-json\/wp\/v2\/pages"}],"about":[{"href":"https:\/\/www.gantz.de\/magazin\/wp-json\/wp\/v2\/types\/page"}],"author":[{"embeddable":true,"href":"https:\/\/www.gantz.de\/magazin\/wp-json\/wp\/v2\/users\/1"}],"replies":[{"embeddable":true,"href":"https:\/\/www.gantz.de\/magazin\/wp-json\/wp\/v2\/comments?post=115"}],"version-history":[{"count":6,"href":"https:\/\/www.gantz.de\/magazin\/wp-json\/wp\/v2\/pages\/115\/revisions"}],"predecessor-version":[{"id":189,"href":"https:\/\/www.gantz.de\/magazin\/wp-json\/wp\/v2\/pages\/115\/revisions\/189"}],"wp:attachment":[{"href":"https:\/\/www.gantz.de\/magazin\/wp-json\/wp\/v2\/media?parent=115"}],"curies":[{"name":"wp","href":"https:\/\/api.w.org\/{rel}","templated":true}]}}