{"id":22,"date":"2015-07-16T15:21:41","date_gmt":"2015-07-16T13:21:41","guid":{"rendered":"http:\/\/gantz.kooperationsdesign.de\/?page_id=22"},"modified":"2015-08-31T17:27:03","modified_gmt":"2015-08-31T15:27:03","slug":"home","status":"publish","type":"page","link":"https:\/\/www.gantz.de\/magazin\/","title":{"rendered":""},"content":{"rendered":"<div  class=\"mp-row-fluid motopress-row\">\n<div class=\"mp-span12 motopress-clmn\">\n<div class=\"motopress-text-obj\">\n<h2>Ausgefallene Wohnkonzepte und Inspiration rund um Ihre Ma\u00dfm\u00f6bel<\/h2>\n<\/div>\n<\/div>\n<\/div>\n<div  class=\"mp-row-fluid motopress-row\">\n<div class=\"mp-span12 motopress-clmn\">\n<div id=\"motopress_posts_grid_69ecca7a40ee2\" class=\"motopress-posts-grid-obj motopress-posts-grid-gap-30 motopress-posts-grid-basic\" data-shortcode-attrs=\"category=k-wohnkonzepte-inspiration&posts_per_page=6&posts_order=DESC&columns=3&posts_gap=30&show_featured_image=true&image_size=large&title_tag=h2&show_date_comments=false&show_content=short&short_content_length=200&read_more_text=Weiterlesen&pagination=false&key=b2de20417a65d44d2a43a7001bdbd31b\" data-post-id=\"22\"><div class=\"motopress-paged-content\" data-columns=\"3\"><div class=\"mp-row-fluid motopress-filter-row\"><div class=\"motopress-filter-col mp-span4\">\r\n<article class=\"post-198 post type-post status-publish format-standard has-post-thumbnail hentry category-k-wohnkonzepte-inspiration\">\r\n\r\n<a class=\"motopress-posts-grid-thumbnail\" href=\"https:\/\/www.gantz.de\/magazin\/360-modernes-design-im-lotsenturm-usedom\/\"><img loading=\"lazy\" decoding=\"async\" width=\"768\" height=\"512\" src=\"https:\/\/www.gantz.de\/magazin\/wp-content\/uploads\/2015\/08\/lotsenturm-usedom-schlafzimmer-treppenhaus-1024x683.jpg\" class=\"attachment-large size-large wp-post-image\" alt=\"Leuchtturm Usedom Schlafzimmer und Treppenhaus\" srcset=\"https:\/\/www.gantz.de\/magazin\/wp-content\/uploads\/2015\/08\/lotsenturm-usedom-schlafzimmer-treppenhaus-1024x683.jpg 1024w, https:\/\/www.gantz.de\/magazin\/wp-content\/uploads\/2015\/08\/lotsenturm-usedom-schlafzimmer-treppenhaus-300x200.jpg 300w\" sizes=\"(max-width: 768px) 100vw, 768px\" \/><\/a><h2 class=\"motopress-posts-grid-title\"><a href=\"https:\/\/www.gantz.de\/magazin\/360-modernes-design-im-lotsenturm-usedom\/\">360\u00b0 modernes Design im Lotsenturm Usedom<\/a><\/h2>\r\n<div class=\"motopress-posts-grid-content\">In unserer Reihe &#8218;Exklusive Wohnkonzepte&#8216; erm\u00f6glichen wir Ihnen den Blick hinter sonst verschlossene T\u00fcren, zeigen Ihnen au\u00dfergew\u00f6hnliche Wohnr\u00e4ume, deren Gestaltung nicht nur viel Know-ho...<\/div>\r\n<p class=\"motopress-posts-grid-more\"><a href=\"https:\/\/www.gantz.de\/magazin\/360-modernes-design-im-lotsenturm-usedom\/\">Weiterlesen<\/a><\/p><\/article>\r\n<\/div><div class=\"motopress-filter-col mp-span4\">\r\n<article class=\"post-180 post type-post status-publish format-standard has-post-thumbnail hentry category-k-wohnkonzepte-inspiration\">\r\n\r\n<a class=\"motopress-posts-grid-thumbnail\" href=\"https:\/\/www.gantz.de\/magazin\/tipps-zur-einrichtung-ihrer-bibliothek-buecherwand\/\"><img loading=\"lazy\" decoding=\"async\" width=\"768\" height=\"513\" src=\"https:\/\/www.gantz.de\/magazin\/wp-content\/uploads\/2015\/08\/gantz-b\u00fccherregal-mit-leiter-1024x684.jpg\" class=\"attachment-large size-large wp-post-image\" alt=\"GANTZ B\u00fccherregal 3 Meter mit Leiter\" srcset=\"https:\/\/www.gantz.de\/magazin\/wp-content\/uploads\/2015\/08\/gantz-b\u00fccherregal-mit-leiter-1024x684.jpg 1024w, https:\/\/www.gantz.de\/magazin\/wp-content\/uploads\/2015\/08\/gantz-b\u00fccherregal-mit-leiter-300x200.jpg 300w\" sizes=\"(max-width: 768px) 100vw, 768px\" \/><\/a><h2 class=\"motopress-posts-grid-title\"><a href=\"https:\/\/www.gantz.de\/magazin\/tipps-zur-einrichtung-ihrer-bibliothek-buecherwand\/\">Tipps zur Einrichtung Ihrer Bibliothek &#038; B\u00fccherwand<\/a><\/h2>\r\n<div class=\"motopress-posts-grid-content\">Noch im 19. Jahrhundert waren sie der Inbegriff von Wohlstand und Bildung, heute sind sie Ausdruck f\u00fcr eine Leidenschaft am geschriebenen Wort und gewiss auch eine Frage des Stils \u2013 Haus-Bibliotheken....<\/div>\r\n<p class=\"motopress-posts-grid-more\"><a href=\"https:\/\/www.gantz.de\/magazin\/tipps-zur-einrichtung-ihrer-bibliothek-buecherwand\/\">Weiterlesen<\/a><\/p><\/article>\r\n<\/div><div class=\"motopress-filter-col mp-span4\">\r\n<article class=\"post-92 post type-post status-publish format-standard has-post-thumbnail hentry category-k-wohnkonzepte-inspiration tag-kleine-raeume\">\r\n\r\n<a class=\"motopress-posts-grid-thumbnail\" href=\"https:\/\/www.gantz.de\/magazin\/kleine-raeume-clever-einrichten\/\"><img loading=\"lazy\" decoding=\"async\" width=\"768\" height=\"546\" src=\"https:\/\/www.gantz.de\/magazin\/wp-content\/uploads\/2015\/08\/kleine-r\u00e4ume-einrichten-helle-farben-treppe.jpg\" class=\"attachment-large size-large wp-post-image\" alt=\"Treppenbereich hell mit Spiegel\" srcset=\"https:\/\/www.gantz.de\/magazin\/wp-content\/uploads\/2015\/08\/kleine-r\u00e4ume-einrichten-helle-farben-treppe.jpg 800w, https:\/\/www.gantz.de\/magazin\/wp-content\/uploads\/2015\/08\/kleine-r\u00e4ume-einrichten-helle-farben-treppe-300x213.jpg 300w\" sizes=\"(max-width: 768px) 100vw, 768px\" \/><\/a><h2 class=\"motopress-posts-grid-title\"><a href=\"https:\/\/www.gantz.de\/magazin\/kleine-raeume-clever-einrichten\/\">Kleine R\u00e4ume clever einrichten<\/a><\/h2>\r\n<div class=\"motopress-posts-grid-content\">Gro\u00dfz\u00fcgig zu wohnen, davon tr\u00e4umen viele \u2013 nur leider ist dies nicht immer m\u00f6glich. Sei es das idyllische Fachwerkhaus, in dem die Menschen fr\u00fcher froh waren, nur kleine Zimmer beheizen zu m\u00fcssen, die...<\/div>\r\n<p class=\"motopress-posts-grid-more\"><a href=\"https:\/\/www.gantz.de\/magazin\/kleine-raeume-clever-einrichten\/\">Weiterlesen<\/a><\/p><\/article>\r\n<\/div><\/div><\/div><\/div>\n<\/div>\n<\/div>\n<div  class=\"mp-row-fluid motopress-row\">\n<div class=\"mp-span12 motopress-clmn\">\n<div class=\"motopress-text-obj\">\n<h2>Kundenstories \u2013 Zufriedene Kunden pr\u00e4sentieren Ihre Ma\u00dfm\u00f6bel<\/h2>\n<\/div>\n<\/div>\n<\/div>\n<div  class=\"mp-row-fluid motopress-row\">\n<div class=\"mp-span12 motopress-clmn\">\n<p class=\"motopress-hide-script\"><script type=\"text\/javascript\">\n\t\t\t\t\tjQuery(document).ready(function($) {\n\t\t\t\t\t\tvar mpImageSlider = $(\".motopress-image-slider-obj#69ecca7a4007f\");\n\t\t\t\t\t\tif (mpImageSlider.data(\"flexslider\")) {\n\t\t\t\t\t\t\tmpImageSlider.flexslider(\"destroy\");\n\t\t\t\t\t\t}\n\t\t\t\t\t\tif (!true) mpImageSlider.css(\"margin-bottom\", 0);\n\t\t\t\t\t\tmpImageSlider.flexslider({\n\t\t\t\t\t\t\tslideshow: true,\n\t\t\t\t\t\t\tanimation: \"fade\",\n\t\t\t\t\t\t\tcontrolNav: true,\n\t\t\t\t\t\t\tslideshowSpeed: 4000,\n\t\t\t\t\t\t\tanimationSpeed: 600,\n\t\t\t\t\t\t\tsmoothHeight: false,\n\t\t\t\t\t\t\tkeyboard: true\n\t\t\t\t\t\t});\n\t\t\t\t\t});\n\t\t\t\t<\/script><\/p>\n<div class=\"motopress-image-slider-obj mp-flexslider-obj flexslider\" id=\"69ecca7a4007f\">\n<ul class=\"slides\">\n<li><img decoding=\"async\" src=\"https:\/\/www.gantz.de\/magazin\/wp-content\/uploads\/2015\/08\/gantz-b\u00fccherregal-mit-leiter-1024x684.jpg\" title=\"gantz-b\u00fccherregal-mit-leiter\" alt=\"GANTZ B\u00fccherregal 3 Meter mit Leiter\" \/><\/li>\n<li><img decoding=\"async\" src=\"https:\/\/www.gantz.de\/magazin\/wp-content\/uploads\/2015\/08\/gantz-schrank-regal-unter-dachschr\u00e4ge-eingerichtet-1024x627.jpg\" title=\"gantz-schrank-regal-unter-dachschr\u00e4ge-eingerichtet\" alt=\"Schrank-Regal unter Dachschr\u00e4ge von GANTZ\" \/><\/li>\n<\/ul>\n<\/div>\n<\/div>\n<\/div>\n","protected":false},"excerpt":{"rendered":"","protected":false},"author":1,"featured_media":0,"parent":0,"menu_order":0,"comment_status":"closed","ping_status":"open","template":"","meta":{"footnotes":""},"_links":{"self":[{"href":"https:\/\/www.gantz.de\/magazin\/wp-json\/wp\/v2\/pages\/22"}],"collection":[{"href":"https:\/\/www.gantz.de\/magazin\/wp-json\/wp\/v2\/pages"}],"about":[{"href":"https:\/\/www.gantz.de\/magazin\/wp-json\/wp\/v2\/types\/page"}],"author":[{"embeddable":true,"href":"https:\/\/www.gantz.de\/magazin\/wp-json\/wp\/v2\/users\/1"}],"replies":[{"embeddable":true,"href":"https:\/\/www.gantz.de\/magazin\/wp-json\/wp\/v2\/comments?post=22"}],"version-history":[{"count":22,"href":"https:\/\/www.gantz.de\/magazin\/wp-json\/wp\/v2\/pages\/22\/revisions"}],"predecessor-version":[{"id":212,"href":"https:\/\/www.gantz.de\/magazin\/wp-json\/wp\/v2\/pages\/22\/revisions\/212"}],"wp:attachment":[{"href":"https:\/\/www.gantz.de\/magazin\/wp-json\/wp\/v2\/media?parent=22"}],"curies":[{"name":"wp","href":"https:\/\/api.w.org\/{rel}","templated":true}]}}